{"id":17,"date":"2018-06-22T13:31:25","date_gmt":"2018-06-22T13:31:25","guid":{"rendered":"http:\/\/cetus.sternwarte.uni-erlangen.de\/large-surveys-2019\/?page_id=17"},"modified":"2019-03-05T11:04:58","modified_gmt":"2019-03-05T11:04:58","slug":"travel-information","status":"publish","type":"page","link":"https:\/\/www.sternwarte.uni-erlangen.de\/large-surveys-2019\/travel-information\/","title":{"rendered":"Travel Information"},"content":{"rendered":"<p><a href=\"http:\/\/maps.google.com\/maps?q=bamberg,+germany&amp;hl=en&amp;ll=49.894192,10.885391&amp;spn=0.185782,0.664673&amp;sll=37.0625,-95.677068&amp;sspn=29.301969,85.078125&amp;vpsrc=6&amp;z=11\">Bamberg<\/a> is easily reached by car, train, and plane.<\/p>\n<p><b>Travel by plane: Nuremberg Airport <\/b><\/p>\n<p>The closest airport to Bamberg is <a href=\"http:\/\/www.airport-nuernberg.de\/english\">N\u00fcrnberg airport <\/a>(IATA: NUE), which has frequent flights into most major European hubs such as Frankfurt, Munich, Paris, Amsterdam, or London.<\/p>\n<p>If you arrive during the day (before 22:00 or so), the best way to get to Bamberg is by public transportation: take the subway from the airport to N\u00fcrnberg main station (Hauptbahnhof) and from there a regional train or S-Bahn. The local transport authority VGN has <a href=\"http:\/\/vgn.de\/en\/\">online time table information available<\/a>.<\/p>\n<p>You can buy a ticket at the ticket machine at the airport subway station, located outside just after exiting the airport terminal. If you are traveling on your own, get a single ticket to Bamberg at the machine (11.50 Euro, fare zone 10+T). There is also a day ticket for 2 adults (+ 4 children) for 19.10 Euro. Note that with these tickets you <i>are not<\/i> allowed to use the fast trains (ICE), use the regional trains and S-Bahns only.<\/p>\n<p>Detailed instructions how to use the VGN ticket machine at N\u00fcrnberg Airport can be found on the page &#8220;<a href=\"http:\/\/www.black-hole.eu\/index.php\/ism2018\/travel-information\/vgn-ticket-machine\">VGN Ticket Machine<\/a>&#8220;.<\/p>\n<p>If you arrive later than 22:00 it is best to use a taxi. There are always enough normal taxis in front of the airport, with trips to Bamberg that cost about 85-90 EUR. If you are a group, ask for a taxi van. There will either be one in the queue or a van will be called for you. There are also <a href=\"https:\/\/www.airport-nuernberg.de\/zubringerdienste\">licensed shuttle services<\/a> which you can book before your trip.<\/p>\n<p><b>Travel by plane: M\u00fcnchen Airport<\/b><\/p>\n<p>Arriving in M\u00fcnchen airport (MUC), take the S-Bahn to M\u00fcnchen central station (Hauptbahnhof) and then take a train to Bamberg (see below for general information on train travel). Since MUC is rather badly connected to public transportation, the whole trip will take 3 to 4 hours, and will cost 71 EUR one-way. There are very good fast trains (ICEs) from M\u00fcnchen to Bamberg every two hours, alternatively, switch in N\u00fcrnberg to a regional train.<\/p>\n<p>Alternatively, take a rental car, which should take about 3h.<\/p>\n<p><b>Travel by plane: Frankfurt Airport <\/b><\/p>\n<p>if you plan to fly into Frankfurt, continuing to Bamberg by train is recommended (direct ICE train from Frankfurt Airport to W\u00fcrzburg, continuing on a regional train to Bamberg; total travel time will be between 2:30h and 3:00h, and it will cost about 70 EUR..<\/p>\n<p><b>Travel by train <\/b><\/p>\n<p>Bamberg is a stop of the fast ICE line M\u00fcnchen &#8211; N\u00fcrnberg &#8211; Berlin, with connections every two hours. In addition, there are local trains to N\u00fcrnberg (see above) as well as to Bayreuth and W\u00fcrzburg. See the <a href=\"https:\/\/www.bahn.com\/en\/view\/index.shtml\">www-pages of Deutsche Bahn<\/a> for ticketing and connection information.<\/p>\n<p><b>Travel by car<\/b><\/p>\n<p>Located at intersection of highways (autobahns)\u00a0 A70 and A73, Bamberg is easily reachable by car. If you come by rental car, ask your hotel beforehand about parking possibilities as most of downtown Bamberg is a pedestrian zone and free parking is difficult to find. Note also that Bamberg is a medieval town and driving there is a daunting task for the uninitiated&#8230;<\/p>\n","protected":false},"excerpt":{"rendered":"<p>Bamberg is easily reached by car, train, and plane. Travel by plane: Nuremberg Airport The closest airport to Bamberg is N\u00fcrnberg airport (IATA: NUE), which has frequent flights into most major European hubs such as Frankfurt, Munich, Paris, Amsterdam, or London. If you arrive during the day (before 22:00 or so), the best way to &hellip; <a href=\"https:\/\/www.sternwarte.uni-erlangen.de\/large-surveys-2019\/travel-information\/\" class=\"more-link\">Continue reading<span class=\"screen-reader-text\"> &#8220;Travel Information&#8221;<\/span><\/a><\/p>\n","protected":false},"author":5,"featured_media":0,"parent":0,"menu_order":0,"comment_status":"closed","ping_status":"closed","template":"","meta":[],"categories":[],"tags":[],"_links":{"self":[{"href":"https:\/\/www.sternwarte.uni-erlangen.de\/large-surveys-2019\/wp-json\/wp\/v2\/pages\/17"}],"collection":[{"href":"https:\/\/www.sternwarte.uni-erlangen.de\/large-surveys-2019\/wp-json\/wp\/v2\/pages"}],"about":[{"href":"https:\/\/www.sternwarte.uni-erlangen.de\/large-surveys-2019\/wp-json\/wp\/v2\/types\/page"}],"author":[{"embeddable":true,"href":"https:\/\/www.sternwarte.uni-erlangen.de\/large-surveys-2019\/wp-json\/wp\/v2\/users\/5"}],"replies":[{"embeddable":true,"href":"https:\/\/www.sternwarte.uni-erlangen.de\/large-surveys-2019\/wp-json\/wp\/v2\/comments?post=17"}],"version-history":[{"count":4,"href":"https:\/\/www.sternwarte.uni-erlangen.de\/large-surveys-2019\/wp-json\/wp\/v2\/pages\/17\/revisions"}],"predecessor-version":[{"id":326,"href":"https:\/\/www.sternwarte.uni-erlangen.de\/large-surveys-2019\/wp-json\/wp\/v2\/pages\/17\/revisions\/326"}],"wp:attachment":[{"href":"https:\/\/www.sternwarte.uni-erlangen.de\/large-surveys-2019\/wp-json\/wp\/v2\/media?parent=17"}],"wp:term":[{"taxonomy":"category","embeddable":true,"href":"https:\/\/www.sternwarte.uni-erlangen.de\/large-surveys-2019\/wp-json\/wp\/v2\/categories?post=17"},{"taxonomy":"post_tag","embeddable":true,"href":"https:\/\/www.sternwarte.uni-erlangen.de\/large-surveys-2019\/wp-json\/wp\/v2\/tags?post=17"}],"curies":[{"name":"wp","href":"https:\/\/api.w.org\/{rel}","templated":true}]}}